{"id":5571,"date":"2023-05-26T13:27:25","date_gmt":"2023-05-26T13:27:25","guid":{"rendered":"https:\/\/fda-register.com\/unsere-dienstleistungen\/"},"modified":"2023-10-22T10:37:21","modified_gmt":"2023-10-22T10:37:21","slug":"unsere-dienstleistungen","status":"publish","type":"page","link":"https:\/\/fda-register.com\/de\/unsere-dienstleistungen\/","title":{"rendered":"Unsere Dienstleistungen"},"content":{"rendered":"\t\t<div data-elementor-type=\"wp-page\" data-elementor-id=\"5571\" class=\"elementor elementor-5571 elementor-4300\">\n\t\t\t\t\t\t<section class=\"elementor-section elementor-top-section elementor-element elementor-element-20a98151 elementor-section-boxed elementor-section-height-default elementor-section-height-default\" data-id=\"20a98151\" data-element_type=\"section\" data-e-type=\"section\">\n\t\t\t\t\t\t<div class=\"elementor-container elementor-column-gap-default\">\n\t\t\t\t\t<div class=\"elementor-column elementor-col-100 elementor-top-column elementor-element elementor-element-3c4e1e94\" data-id=\"3c4e1e94\" data-element_type=\"column\" data-e-type=\"column\">\n\t\t\t<div class=\"elementor-widget-wrap elementor-element-populated\">\n\t\t\t\t\t\t<div class=\"elementor-element elementor-element-2d926784 elementor-widget elementor-widget-text-editor\" data-id=\"2d926784\" data-element_type=\"widget\" data-e-type=\"widget\" data-widget_type=\"text-editor.default\">\n\t\t\t\t<div class=\"elementor-widget-container\">\n\t\t\t\t\t\t\t\t\t\n<p>Ausl\u00e4ndische Unternehmen m\u00fcssen einen US-Vertreter benennen, um sich bei der FDA registrieren zu lassen. Die FDA setzt den US-Agenten als Ansprechpartner ein, wenn sie mit Unternehmen in \u00dcbersee spricht. Die Dienste von US-Agenten werden von FDA Register zu einem angemessenen Preis angeboten. Wenn Sie einen Zweijahresvertrag unterschreiben.<\/p>\n\n\n\n<p><strong>WAS WIR F\u00dcR SIE TUN K\u00d6NNEN<\/strong><\/p>\n\n\n<p><strong>1-FDA-Registrierung:  <\/strong><\/p>\n<p>Eindeutige Anlagenkennungen (Unique Facility Identifiers, UFIs) f\u00fcr Arzneimittel- und Lebensmittelbetriebe<br>Einrichtungen. Es ist wichtig, dass diese Einrichtungen sich dieser Anforderung bewusst sind<br>und sicherstellen, dass sie \u00fcber die erforderlichen UFIs f\u00fcr ihre erste FDA<br>Registrierung und Verl\u00e4ngerung der Registrierung.<\/p>\n<p><\/p>\n<p>Wie Sie erw\u00e4hnten, ist die einzige von der FDA anerkannte UFI derzeit die DUNS<br>Nummer. F\u00fcr diejenigen, die damit vielleicht nicht vertraut sind, ist die DUNS-Nummer eine eindeutige<br>neunstellige Identifikationsnummer, die jedem physischen Standort eines<br>Unternehmen bei Dun &amp; Bradstreet.<\/p>\n<p><\/p>\n<p>Ben\u00f6tigt ein Drogeriemarkt oder eine Lebensmittelbetriebsst\u00e4tte Unterst\u00fctzung bei der Erlangung einer<br>DUNS-Nummer oder die Einreichung ihrer UFIs als Teil der FDA-Registrierung oder -Erneuerung<br>Prozesses ist es gut zu wissen, dass fda-register diese Dienste anbietet.<\/p>\n<p class=\"MsoNormal\"><strong>2-US-Agentendienst:<\/strong> <\/p>\n<p>Alle registrierten Lebensmittelbetriebe au\u00dferhalb der Vereinigten Staaten m\u00fcssen einen<br>U.S. Agent, ein in den USA ans\u00e4ssiger Vertreter, der 24 Stunden am Tag erreichbar ist<br>Tag, um die Fragen der FDA zu den Sendungen Ihres Unternehmens zu beantworten und bei der<br>Organisation von Inspektionen in Lebensmittelbetrieben.<\/p>\n<p><strong>3-Duns Nummer Assistent:<\/strong><\/p>\n<p><\/p>\n<p>Eindeutige Anlagenkennungen (Unique Facility Identifiers, UFIs) f\u00fcr Arzneimittel- und Lebensmittelbetriebe<br>Einrichtungen. Es ist wichtig, dass diese Einrichtungen sich dieser Anforderung bewusst sind<br>und sicherstellen, dass sie \u00fcber die erforderlichen UFIs f\u00fcr ihre erste FDA<br>Registrierung und Verl\u00e4ngerung der Registrierung.<\/p>\n<p><\/p>\n<p>Wie Sie erw\u00e4hnten, ist die einzige von der FDA anerkannte UFI derzeit die DUNS<br>Nummer. F\u00fcr diejenigen, die damit vielleicht nicht vertraut sind, ist die DUNS-Nummer eine eindeutige<br>neunstellige Identifikationsnummer, die jedem physischen Standort eines<br>Unternehmen bei Dun &amp; Bradstreet.<\/p>\n<p><\/p>\n<p>Ben\u00f6tigt ein Drogeriemarkt oder eine Lebensmittelbetriebsst\u00e4tte Unterst\u00fctzung bei der Erlangung einer<br>DUNS-Nummer oder die Einreichung ihrer UFIs als Teil der FDA-Registrierung oder -Erneuerung<br>Prozesses ist es gut zu wissen, dass fda-register diese Dienste anbietet.<\/p>\n<p><\/p>\n<p><strong>4- FDA-Inspektion und \u00dcberpr\u00fcfung der Kennzeichnung:<\/strong><\/p>\n<p>Auf der Grundlage einer Vielzahl von Variablen kann die FDA beschlie\u00dfen, routinem\u00e4\u00dfig alle<br>registrierte Lebensmittelbetriebe. Zur Unterst\u00fctzung Ihres Unternehmens bei der Vorbereitung auf eine FDA<br>Inspektion, kann Registrar Corp einen Spezialisten f\u00fcr Lebensmittelsicherheit entsenden. Wir berechnen<br>weniger f\u00fcr diese, wenn Sie einer unserer Stammkunden sind.<\/p>\n<p><\/p>\n<p><\/p>\t\t\t\t\t\t\t\t<\/div>\n\t\t\t\t<\/div>\n\t\t\t\t<div class=\"elementor-element elementor-element-cf9d99d elementor-widget__width-initial elementor-widget elementor-widget-gl-brand\" data-id=\"cf9d99d\" data-element_type=\"widget\" data-e-type=\"widget\" data-widget_type=\"gl-brand.default\">\n\t\t\t\t<div class=\"elementor-widget-container\">\n\t\t\t\t\t\t\t\r\n\r\n        <!-- Clients Section -->\r\n        <section class=\"clients-section\">\r\n            <div class=\"auto-container\">\r\n                <div class=\"inner-container\">\r\n                    <div class=\"carousel-outer\">\r\n                        <!--Sponsors Slider-->\r\n                        <ul class=\"sponsors-carousel owl-carousel owl-theme\">\r\n                                                        <li><div class=\"image-box\"><a href=\"#\"><img decoding=\"async\" src=\"https:\/\/fda-register.com\/wp-content\/uploads\/2023\/05\/label.png\" alt=\"\"><\/a><\/div><\/li>\r\n                                                        <li><div class=\"image-box\"><a href=\"#\"><img decoding=\"async\" src=\"https:\/\/fda-register.com\/wp-content\/uploads\/2023\/05\/production-1.png\" alt=\"\"><\/a><\/div><\/li>\r\n                                                        <li><div class=\"image-box\"><a href=\"#\"><img decoding=\"async\" src=\"https:\/\/fda-register.com\/wp-content\/uploads\/2023\/05\/eco.png\" alt=\"\"><\/a><\/div><\/li>\r\n                                                        <li><div class=\"image-box\"><a href=\"#\"><img decoding=\"async\" src=\"https:\/\/fda-register.com\/wp-content\/uploads\/2023\/05\/food-safety.png\" alt=\"\"><\/a><\/div><\/li>\r\n                                                        <li><div class=\"image-box\"><a href=\"#\"><img decoding=\"async\" src=\"https:\/\/fda-register.com\/wp-content\/uploads\/2023\/05\/medicine.png\" alt=\"\"><\/a><\/div><\/li>\r\n                                                        <li><div class=\"image-box\"><a href=\"#\"><img decoding=\"async\" src=\"https:\/\/fda-register.com\/wp-content\/uploads\/2023\/05\/delivery-courier.png\" alt=\"\"><\/a><\/div><\/li>\r\n                                                        <li><div class=\"image-box\"><a href=\"#\"><img decoding=\"async\" src=\"https:\/\/fda-register.com\/wp-content\/uploads\/2023\/05\/foreign.png\" alt=\"\"><\/a><\/div><\/li>\r\n                                                    <\/ul>\r\n                        \r\n                    <\/div>\r\n                <\/div>\r\n            <\/div>\r\n        <\/section>\r\n        <!-- End Clients Section -->\r\n\r\n        \r\n\t\t\t\t\t\t<\/div>\n\t\t\t\t<\/div>\n\t\t\t\t\t<\/div>\n\t\t<\/div>\n\t\t\t\t\t<\/div>\n\t\t<\/section>\n\t\t\t\t<\/div>\n\t\t","protected":false},"excerpt":{"rendered":"<p>Ausl\u00e4ndische Unternehmen m\u00fcssen einen US-Vertreter benennen, um sich bei der FDA registrieren zu lassen. Die FDA setzt den US-Agenten als Ansprechpartner ein, wenn sie mit Unternehmen in \u00dcbersee spricht. Die Dienste von US-Agenten werden von FDA Register zu einem angemessenen Preis angeboten. Wenn Sie einen Zweijahresvertrag unterschreiben. WAS WIR F\u00dcR SIE TUN K\u00d6NNEN 1-FDA-Registrierung: Eindeutige [&hellip;]<\/p>\n","protected":false},"author":1,"featured_media":0,"parent":0,"menu_order":0,"comment_status":"closed","ping_status":"closed","template":"","meta":{"footnotes":""},"class_list":["post-5571","page","type-page","status-publish","hentry"],"aioseo_notices":[],"_links":{"self":[{"href":"https:\/\/fda-register.com\/de\/wp-json\/wp\/v2\/pages\/5571","targetHints":{"allow":["GET"]}}],"collection":[{"href":"https:\/\/fda-register.com\/de\/wp-json\/wp\/v2\/pages"}],"about":[{"href":"https:\/\/fda-register.com\/de\/wp-json\/wp\/v2\/types\/page"}],"author":[{"embeddable":true,"href":"https:\/\/fda-register.com\/de\/wp-json\/wp\/v2\/users\/1"}],"replies":[{"embeddable":true,"href":"https:\/\/fda-register.com\/de\/wp-json\/wp\/v2\/comments?post=5571"}],"version-history":[{"count":6,"href":"https:\/\/fda-register.com\/de\/wp-json\/wp\/v2\/pages\/5571\/revisions"}],"predecessor-version":[{"id":5616,"href":"https:\/\/fda-register.com\/de\/wp-json\/wp\/v2\/pages\/5571\/revisions\/5616"}],"wp:attachment":[{"href":"https:\/\/fda-register.com\/de\/wp-json\/wp\/v2\/media?parent=5571"}],"curies":[{"name":"wp","href":"https:\/\/api.w.org\/{rel}","templated":true}]}}